{"id":1594,"date":"2025-03-19T09:38:24","date_gmt":"2025-03-19T09:38:24","guid":{"rendered":"https:\/\/ed-x.dev.loudzap.com\/privacy-policy\/"},"modified":"2025-03-19T09:38:24","modified_gmt":"2025-03-19T09:38:24","slug":"privacy-policy","status":"publish","type":"page","link":"https:\/\/ed-x.pt\/en\/privacy-policy\/","title":{"rendered":"Privacy Policy"},"content":{"rendered":"\t\t<div data-elementor-type=\"wp-page\" data-elementor-id=\"1594\" class=\"elementor elementor-1594 elementor-50\" data-elementor-post-type=\"page\">\n\t\t\t\t<div class=\"elementor-element elementor-element-ede38b4 e-flex e-con-boxed e-con e-parent\" data-id=\"ede38b4\" data-element_type=\"container\" data-e-type=\"container\" data-settings=\"{&quot;background_background&quot;:&quot;classic&quot;}\">\n\t\t\t\t\t<div class=\"e-con-inner\">\n\t\t<div class=\"elementor-element elementor-element-45e001c e-con-full e-flex e-con e-child\" data-id=\"45e001c\" data-element_type=\"container\" data-e-type=\"container\">\n\t\t\t\t<div class=\"elementor-element elementor-element-1eb4578 elementor-widget elementor-widget-heading\" data-id=\"1eb4578\" data-element_type=\"widget\" data-e-type=\"widget\" data-widget_type=\"heading.default\">\n\t\t\t\t<div class=\"elementor-widget-container\">\n\t\t\t\t\t<h1 class=\"elementor-heading-title elementor-size-default\">Privacy Policy<\/h1>\t\t\t\t<\/div>\n\t\t\t\t<\/div>\n\t\t\t\t<div class=\"elementor-element elementor-element-f40e3e3 elementor-widget elementor-widget-text-editor\" data-id=\"f40e3e3\" data-element_type=\"widget\" data-e-type=\"widget\" data-widget_type=\"text-editor.default\">\n\t\t\t\t<div class=\"elementor-widget-container\">\n\t\t\t\t\t\t\t\t\t<p>Valorizamos a sua privacidade e a dos outros visitantes, e pretendemos ser totalmente transparentes relativamente aos dados que podemos recolher e armazenar. Ao utilizar este website ED-X.pt propriedade e operado pela SOOMA, concorda com esta pol\u00edtica de privacidade.<\/p>\n<p><strong>Dados recolhidos com base no consentimento<\/strong><\/p>\n<p>O site ED-X apenas recolhe e partilha com terceiros, dados para efeitos de estat\u00edsticas de acessos, devidamente anonimizados.<\/p>\n<p><strong>Conte\u00fado incorporado de outros sites<\/strong><\/p>\n<p>As p\u00e1ginas no Site podem incluir conte\u00fado incorporado (por exemplo, v\u00eddeos, gr\u00e1ficos, etc.).<\/p>\n<p>O conte\u00fado incorporado de outros sites comporta-se exatamente da mesma maneira como se o visitante tivesse visitado o outro site.<\/p>\n<p>Esses sites podem recolher dados sobre o utilizador, usar cookies, incorporar rastreamento adicional de terceiros e monitorar sua intera\u00e7\u00e3o com esse conte\u00fado incorporado, incluindo o rastreamento de sua intera\u00e7\u00e3o com o conte\u00fado incorporado se\u00a0tiver uma conta e estiver ligado a esse site.<\/p>\n<p><strong>Altera\u00e7\u00f5es \u00e0 nossa Pol\u00edtica de Privacidade<\/strong><\/p>\n<p>Se decidirmos alterar nossa pol\u00edtica de privacidade, atualizaremos a data de modifica\u00e7\u00e3o da Pol\u00edtica de Privacidade abaixo.<\/p>\n<p>Esta pol\u00edtica foi modificada pela \u00faltima vez em 25 de fevereiro de 2025<\/p>\n<p><strong>Contacte-nos<\/strong><\/p>\n<p>Se houver alguma d\u00favida sobre esta Pol\u00edtica de Privacidade, voc\u00ea pode entrar em contacto connosco por e-mail para <a href=\"mailto:geral@ed-x.pt\">geral@ed-x.pt.<\/a><\/p>\n<p><strong>Termos e Condi\u00e7\u00f5es<\/strong><\/p>\n<p>Os seguintes termos e condi\u00e7\u00f5es regem todo o uso do site ED-X.pt e todos os conte\u00fados, servi\u00e7os e produtos dispon\u00edveis no ou atrav\u00e9s do site (em conjunto, o \u201cSite\u201d). O Site \u00e9 propriedade e operado pela SOOMA (a Entidade). O Site \u00e9 oferecido sujeito \u00e0 aceita\u00e7\u00e3o sem modifica\u00e7\u00e3o de todos os termos e condi\u00e7\u00f5es aqui contidos e todas as outras regras operacionais, pol\u00edticas e procedimentos que podem ser publicados de tempos em tempos no Site (em conjunto, o \u201cAcordo\u201d).<\/p>\n<p>Por favor, leia este Acordo cuidadosamente antes de aceder ou usar o Site. Ao aceder ou usar qualquer parte do Site, est\u00e1 a concordar em ficar vinculado aos termos e condi\u00e7\u00f5es deste Acordo. Se n\u00e3o concordar com todos os termos e condi\u00e7\u00f5es deste Acordo, n\u00e3o poder\u00e1 aceder ao Site ou usar quaisquer servi\u00e7os. O Site est\u00e1 dispon\u00edvel apenas para indiv\u00edduos com pelo menos 13 anos de idade.<\/p>\n<p><strong>Conte\u00fado do site<\/strong><\/p>\n<p>O Site e seu conte\u00fado, principalmente, mas n\u00e3o limitado aos seus artigos e guias, n\u00e3o constituem e n\u00e3o pretendem constituir aconselhamento jur\u00eddico e n\u00e3o estabelecem uma rela\u00e7\u00e3o advogado-cliente. Se precisar de aconselhamento jur\u00eddico, entre em contacto diretamente com um advogado.<\/p>\n<p>A SOOMA n\u00e3o oferece nenhuma garantia sobre a validade do conte\u00fado, apesar de seus melhores esfor\u00e7os para manter o conte\u00fado atualizado e o mais preciso poss\u00edvel.<\/p>\n<p><strong>Indemniza\u00e7\u00e3o<\/strong><\/p>\n<p>Ao aceder a qualquer parte do Site, concorda que a Entidade e quaisquer empresas controladoras, subsidi\u00e1rias, executivos, funcion\u00e1rios ou contratados a outras empresas, n\u00e3o podem ser responsabilizados por qualquer reivindica\u00e7\u00e3o, exig\u00eancia ou danos de terceiros, incluindo honor\u00e1rios advocat\u00f3rios razo\u00e1veis, decorrentes do uso deste site.<\/p>\n<p><strong>Privacidade<\/strong><\/p>\n<p>A nossa Pol\u00edtica de Privacidade explica a forma como tratamos e protegemos os seus dados pessoais em rela\u00e7\u00e3o \u00e0 sua utiliza\u00e7\u00e3o e navega\u00e7\u00e3o no Website. Ao concordar com os presentes termos e condi\u00e7\u00f5es para poder utilizar o Servi\u00e7o, tamb\u00e9m concorda com a nossa Pol\u00edtica de Privacidade.<\/p>\n<p><strong>Modifica\u00e7\u00e3o dos termos de servi\u00e7o<\/strong><\/p>\n<p>Dentro dos limites da lei aplic\u00e1vel, a SOOMA\u00a0reserva-se o direito de rever e alterar este Contrato a qualquer momento. Voc\u00ea \u00e9 respons\u00e1vel por rever regularmente estes termos e condi\u00e7\u00f5es. O uso continuado e a navega\u00e7\u00e3o no Site ap\u00f3s tais altera\u00e7\u00f5es constituir\u00e3o o seu consentimento a essas altera\u00e7\u00f5es.<\/p>\n<p>Estes termos foram alterados pela \u00faltima vez em 25 de fevereiro de 2025.<\/p>\n<p><strong>Lei aplic\u00e1vel<\/strong><\/p>\n<p>Este Contrato ser\u00e1 regido em todos os aspetos pelas leis substantivas de Portugal. Qualquer controv\u00e9rsia, reclama\u00e7\u00e3o ou disputa decorrente ou relacionada com o Contrato estar\u00e1 sujeita \u00e0 jurisdi\u00e7\u00e3o dos tribunais competentes de Aveiro, em Portugal.<\/p>\n<p><strong>Cr\u00e9ditos<\/strong><\/p>\n<p>Estes Termos e Condi\u00e7\u00f5es foram baseados nos Termos e Condi\u00e7\u00f5es gdpr.eu, com altera\u00e7\u00f5es.<\/p>\n\t\t\t\t\t\t\t\t<\/div>\n\t\t\t\t<\/div>\n\t\t\t\t<\/div>\n\t\t\t\t\t<\/div>\n\t\t\t\t<\/div>\n\t\t\t\t<\/div>\n\t\t","protected":false},"excerpt":{"rendered":"<p>Valorizamos a sua privacidade e a dos outros visitantes, e pretendemos ser totalmente transparentes relativamente aos dados que podemos recolher e armazenar. Ao utilizar este website ED-X.pt propriedade e operado pela SOOMA, concorda com esta pol\u00edtica de privacidade. Dados recolhidos com base no consentimento O site ED-X apenas recolhe e partilha com terceiros, dados para [&hellip;]<\/p>\n","protected":false},"author":4,"featured_media":0,"parent":0,"menu_order":12,"comment_status":"closed","ping_status":"closed","template":"","meta":{"_acf_changed":false,"_seopress_robots_primary_cat":"","_seopress_titles_title":"","_seopress_titles_desc":"","_seopress_robots_index":"","footnotes":""},"class_list":["post-1594","page","type-page","status-publish","hentry"],"acf":[],"_links":{"self":[{"href":"https:\/\/ed-x.pt\/en\/wp-json\/wp\/v2\/pages\/1594","targetHints":{"allow":["GET"]}}],"collection":[{"href":"https:\/\/ed-x.pt\/en\/wp-json\/wp\/v2\/pages"}],"about":[{"href":"https:\/\/ed-x.pt\/en\/wp-json\/wp\/v2\/types\/page"}],"author":[{"embeddable":true,"href":"https:\/\/ed-x.pt\/en\/wp-json\/wp\/v2\/users\/4"}],"replies":[{"embeddable":true,"href":"https:\/\/ed-x.pt\/en\/wp-json\/wp\/v2\/comments?post=1594"}],"version-history":[{"count":2,"href":"https:\/\/ed-x.pt\/en\/wp-json\/wp\/v2\/pages\/1594\/revisions"}],"predecessor-version":[{"id":1596,"href":"https:\/\/ed-x.pt\/en\/wp-json\/wp\/v2\/pages\/1594\/revisions\/1596"}],"wp:attachment":[{"href":"https:\/\/ed-x.pt\/en\/wp-json\/wp\/v2\/media?parent=1594"}],"curies":[{"name":"wp","href":"https:\/\/api.w.org\/{rel}","templated":true}]}}