{"id":1611,"date":"2025-03-19T10:05:21","date_gmt":"2025-03-19T10:05:21","guid":{"rendered":"https:\/\/ed-x.dev.loudzap.com\/news\/"},"modified":"2025-03-19T10:05:23","modified_gmt":"2025-03-19T10:05:23","slug":"news","status":"publish","type":"page","link":"https:\/\/ed-x.pt\/en\/news\/","title":{"rendered":"News"},"content":{"rendered":"\t\t<div data-elementor-type=\"wp-page\" data-elementor-id=\"1611\" class=\"elementor elementor-1611 elementor-174\" data-elementor-post-type=\"page\">\n\t\t\t\t<div class=\"elementor-element elementor-element-b556c50 e-flex e-con-boxed e-con e-parent\" data-id=\"b556c50\" data-element_type=\"container\" data-e-type=\"container\" data-settings=\"{&quot;background_background&quot;:&quot;classic&quot;}\">\n\t\t\t\t\t<div class=\"e-con-inner\">\n\t\t<div class=\"elementor-element elementor-element-1bc015e e-con-full e-flex e-con e-child\" data-id=\"1bc015e\" data-element_type=\"container\" data-e-type=\"container\">\n\t\t\t\t<div class=\"elementor-element elementor-element-dff420a elementor-widget elementor-widget-heading\" data-id=\"dff420a\" data-element_type=\"widget\" data-e-type=\"widget\" data-widget_type=\"heading.default\">\n\t\t\t\t<div class=\"elementor-widget-container\">\n\t\t\t\t\t<h1 class=\"elementor-heading-title elementor-size-default\">News<\/h1>\t\t\t\t<\/div>\n\t\t\t\t<\/div>\n\t\t\t\t<\/div>\n\t\t\t\t\t<\/div>\n\t\t\t\t<\/div>\n\t\t<div class=\"elementor-element elementor-element-d41c255 e-flex e-con-boxed e-con e-parent\" data-id=\"d41c255\" data-element_type=\"container\" data-e-type=\"container\" data-settings=\"{&quot;background_background&quot;:&quot;classic&quot;}\">\n\t\t\t\t\t<div class=\"e-con-inner\">\n\t\t<div class=\"elementor-element elementor-element-a28db41 e-con-full e-flex e-con e-child\" data-id=\"a28db41\" data-element_type=\"container\" data-e-type=\"container\">\n\t\t<div class=\"elementor-element elementor-element-42a44d1 e-con-full e-flex e-con e-child\" data-id=\"42a44d1\" data-element_type=\"container\" data-e-type=\"container\">\n\t\t\t\t<div class=\"elementor-element elementor-element-ba1d45d pp-equal-height-yes pp-post-filters-align-center elementor-grid-3 elementor-grid-tablet-2 elementor-grid-mobile-1 elementor-widget elementor-widget-pp-posts\" data-id=\"ba1d45d\" data-element_type=\"widget\" data-e-type=\"widget\" data-widget_type=\"pp-posts.classic\">\n\t\t\t\t<div class=\"elementor-widget-container\">\n\t\t\t\t\t\t\t<div class=\"pp-post-filters-container\">\n\t\t\t\t\t\t<div class=\"pp-post-filters-wrap pp-post-filters-dropdown-no\">\n\t\t\t\t<ul class=\"pp-post-filters \">\n\t\t\t\t\t\t\t\t\t\t\t<li class=\"pp-post-filter pp-filter-current\" data-filter=\"*\" data-taxonomy=\"\">All<\/li>\n\t\t\t\t\t\t\t\t\t\t\t\t\t\t\t\t\t\t\t\t\t\t\t\t\t\t\t\t\t\t<li class=\"pp-post-filter \" data-filter=\".events\" data-taxonomy=\".category\">Events<\/li>\n\t\t\t\t\t\t\t\t\t\t\t\t\t\t\t\t\t\t\t\t\t\t\t\t\t\t<li class=\"pp-post-filter \" data-filter=\".news\" data-taxonomy=\".category\">News<\/li>\n\t\t\t\t\t\t\t\t\t\t\t\t\t\t\t\t\t\t\t\t\t\t\t\t\t\t<li class=\"pp-post-filter \" data-filter=\".sem-categoria\" data-taxonomy=\".category\">Sem categoria<\/li>\n\t\t\t\t\t\t\t\t\t\t\t<\/ul>\n\n\t\t\t\t\t\t\t<\/div>\n\t\t\t\t\t\t\t\t<\/div>\n\t\t\t\t<div class=\"pp-posts-container\">\n\t\t\t\n\t\t\t\t\t\t\t\t\t\t\n\t\t\t<div class=\"pp-posts pp-posts-skin-classic elementor-grid pp-posts-grid\" data-query-type=\"custom\" data-layout=\"grid\" data-page=\"1611\" data-skin=\"classic\">\n\t\t\t\t\t\t\t\t\t\t\t<div class=\"pp-post-wrap pp-grid-item-wrap elementor-grid-item post-1745 post type-post status-publish format-standard has-post-thumbnail hentry category-sem-categoria\">\n\t\t\t\t\t\t<div class=\"pp-post pp-grid-item\">\n\t\t\t\t\t\t<div class=\"pp-post-thumbnail\">\n\t\t\t<a class=\"pp-post-thumbnail-wrap\" href=\"https:\/\/ed-x.pt\/en\/data-spaces-em-destaque-no-summit-2026-da-buildingsmart-duplicate\/\" title=\"Data Spaces em destaque no Summit 2026 da buildingSMART (DUPLICATE)\">\n\t\t\t\t<img fetchpriority=\"high\" decoding=\"async\" width=\"800\" height=\"481\" src=\"https:\/\/ed-x.pt\/wp-content\/uploads\/2026\/04\/Buildingsmart-summit-2026.webp\" class=\"attachment-large size-large wp-image-1741\" alt=\"\" srcset=\"https:\/\/ed-x.pt\/wp-content\/uploads\/2026\/04\/Buildingsmart-summit-2026.webp 1174w, https:\/\/ed-x.pt\/wp-content\/uploads\/2026\/04\/Buildingsmart-summit-2026-800x481.webp 800w, https:\/\/ed-x.pt\/wp-content\/uploads\/2026\/04\/Buildingsmart-summit-2026-600x361.webp 600w, https:\/\/ed-x.pt\/wp-content\/uploads\/2026\/04\/Buildingsmart-summit-2026-768x462.webp 768w\" sizes=\"(max-width: 800px) 100vw, 800px\" \/>\t\t\t<\/a>\n\t\t<\/div>\n\t\t\n\t\t\t\t\n\t\t\t\t<div class=\"pp-post-content-wrap\">\n\t\t\t\t\t<div class=\"pp-post-content\">\n\t\t\t\t\t\t\t\t\t\t<div class=\"pp-post-terms-wrap\">\n\t\t\t<span class=\"pp-post-terms\">\n\t\t\t\t<span class=\"pp-post-term\">Sem categoria<\/span>\t\t\t<\/span>\n\t\t<\/div>\n\t\t\t\t\t\t\t\t\t\t<h2 class=\"pp-post-title\">\n\t\t\t\t<a href=\"https:\/\/ed-x.pt\/en\/data-spaces-em-destaque-no-summit-2026-da-buildingsmart-duplicate\/\">Data Spaces em destaque no Summit 2026 da buildingSMART (DUPLICATE)<\/a>\t\t\t<\/h2>\n\t\t\t\t\t\t\t\t\t<div class=\"pp-post-meta\">\n\t\t\t\t\t\t\t\t<span class=\"pp-post-date\">\n\t\t\t\t\t\t<span class=\"pp-meta-text\">\n\t\t\t\t23\/03\/2026\t\t\t<\/span>\n\t\t<\/span>\n\t\t<span class=\"pp-meta-separator\"><\/span>\n\t\t\t\t\t\t\t<\/div>\n\t\t\t\t\t\t\t\t<\/div>\n\t\t\t\t\t\t\t\t\t<\/div>\n\n\t\t\t\t\t\t\t<\/div>\n\t\t\t\t\t<\/div>\n\t\t\t\t<div class=\"pp-post-wrap pp-grid-item-wrap elementor-grid-item post-1735 post type-post status-publish format-standard has-post-thumbnail hentry category-sem-categoria\">\n\t\t\t\t\t\t<div class=\"pp-post pp-grid-item\">\n\t\t\t\t\t\t<div class=\"pp-post-thumbnail\">\n\t\t\t<a class=\"pp-post-thumbnail-wrap\" href=\"https:\/\/ed-x.pt\/en\/webinar-invitation-turning-data-into-business-with-the-ed-x-testbed\/\" title=\"Webinar Invitation: Turning Data into Business with the ED-X Testbed\">\n\t\t\t\t<img decoding=\"async\" width=\"800\" height=\"804\" src=\"https:\/\/ed-x.pt\/wp-content\/uploads\/2026\/03\/Imagem-Post_0-1200x1206.webp\" class=\"attachment-large size-large wp-image-1732\" alt=\"\" srcset=\"https:\/\/ed-x.pt\/wp-content\/uploads\/2026\/03\/Imagem-Post_0-1200x1206.webp 1200w, https:\/\/ed-x.pt\/wp-content\/uploads\/2026\/03\/Imagem-Post_0-800x804.webp 800w, https:\/\/ed-x.pt\/wp-content\/uploads\/2026\/03\/Imagem-Post_0-597x600.webp 597w, https:\/\/ed-x.pt\/wp-content\/uploads\/2026\/03\/Imagem-Post_0-768x772.webp 768w, https:\/\/ed-x.pt\/wp-content\/uploads\/2026\/03\/Imagem-Post_0-1528x1536.webp 1528w, https:\/\/ed-x.pt\/wp-content\/uploads\/2026\/03\/Imagem-Post_0.webp 1910w\" sizes=\"(max-width: 800px) 100vw, 800px\" \/>\t\t\t<\/a>\n\t\t<\/div>\n\t\t\n\t\t\t\t\n\t\t\t\t<div class=\"pp-post-content-wrap\">\n\t\t\t\t\t<div class=\"pp-post-content\">\n\t\t\t\t\t\t\t\t\t\t<div class=\"pp-post-terms-wrap\">\n\t\t\t<span class=\"pp-post-terms\">\n\t\t\t\t<span class=\"pp-post-term\">Sem categoria<\/span>\t\t\t<\/span>\n\t\t<\/div>\n\t\t\t\t\t\t\t\t\t\t<h2 class=\"pp-post-title\">\n\t\t\t\t<a href=\"https:\/\/ed-x.pt\/en\/webinar-invitation-turning-data-into-business-with-the-ed-x-testbed\/\">Webinar Invitation: Turning Data into Business with the ED-X Testbed<\/a>\t\t\t<\/h2>\n\t\t\t\t\t\t\t\t\t<div class=\"pp-post-meta\">\n\t\t\t\t\t\t\t\t<span class=\"pp-post-date\">\n\t\t\t\t\t\t<span class=\"pp-meta-text\">\n\t\t\t\t03\/03\/2026\t\t\t<\/span>\n\t\t<\/span>\n\t\t<span class=\"pp-meta-separator\"><\/span>\n\t\t\t\t\t\t\t<\/div>\n\t\t\t\t\t\t\t\t<\/div>\n\t\t\t\t\t\t\t\t\t<\/div>\n\n\t\t\t\t\t\t\t<\/div>\n\t\t\t\t\t<\/div>\n\t\t\t\t<div class=\"pp-post-wrap pp-grid-item-wrap elementor-grid-item post-1713 post type-post status-publish format-standard has-post-thumbnail hentry category-news\">\n\t\t\t\t\t\t<div class=\"pp-post pp-grid-item\">\n\t\t\t\t\t\t<div class=\"pp-post-thumbnail\">\n\t\t\t<a class=\"pp-post-thumbnail-wrap\" href=\"https:\/\/ed-x.pt\/en\/ed-x-da-se-a-conhecer-no-evento-tecnet-ao-promover-inovacao-nos-espacos-de-dados-e-na-sua-partilha-duplicate\/\" title=\"Test Bed ED-X showcases Innovation in Data Spaces and Sharing at TECNET Event\">\n\t\t\t\t<img decoding=\"async\" width=\"800\" height=\"600\" src=\"https:\/\/ed-x.pt\/wp-content\/uploads\/2025\/07\/20250627_EDX-1200x900.webp\" class=\"attachment-large size-large wp-image-1710\" alt=\"\" srcset=\"https:\/\/ed-x.pt\/wp-content\/uploads\/2025\/07\/20250627_EDX-1200x900.webp 1200w, https:\/\/ed-x.pt\/wp-content\/uploads\/2025\/07\/20250627_EDX-800x600.webp 800w, https:\/\/ed-x.pt\/wp-content\/uploads\/2025\/07\/20250627_EDX-600x450.webp 600w, https:\/\/ed-x.pt\/wp-content\/uploads\/2025\/07\/20250627_EDX-768x576.webp 768w, https:\/\/ed-x.pt\/wp-content\/uploads\/2025\/07\/20250627_EDX-1536x1152.webp 1536w, https:\/\/ed-x.pt\/wp-content\/uploads\/2025\/07\/20250627_EDX.webp 1600w\" sizes=\"(max-width: 800px) 100vw, 800px\" \/>\t\t\t<\/a>\n\t\t<\/div>\n\t\t\n\t\t\t\t\n\t\t\t\t<div class=\"pp-post-content-wrap\">\n\t\t\t\t\t<div class=\"pp-post-content\">\n\t\t\t\t\t\t\t\t\t\t<div class=\"pp-post-terms-wrap\">\n\t\t\t<span class=\"pp-post-terms\">\n\t\t\t\t<span class=\"pp-post-term\">News<\/span>\t\t\t<\/span>\n\t\t<\/div>\n\t\t\t\t\t\t\t\t\t\t<h2 class=\"pp-post-title\">\n\t\t\t\t<a href=\"https:\/\/ed-x.pt\/en\/ed-x-da-se-a-conhecer-no-evento-tecnet-ao-promover-inovacao-nos-espacos-de-dados-e-na-sua-partilha-duplicate\/\">Test Bed ED-X showcases Innovation in Data Spaces and Sharing at TECNET Event<\/a>\t\t\t<\/h2>\n\t\t\t\t\t\t\t\t\t<div class=\"pp-post-meta\">\n\t\t\t\t\t\t\t\t<span class=\"pp-post-date\">\n\t\t\t\t\t\t<span class=\"pp-meta-text\">\n\t\t\t\t30\/06\/2025\t\t\t<\/span>\n\t\t<\/span>\n\t\t<span class=\"pp-meta-separator\"><\/span>\n\t\t\t\t\t\t\t<\/div>\n\t\t\t\t\t\t\t\t<\/div>\n\t\t\t\t\t\t\t\t\t<\/div>\n\n\t\t\t\t\t\t\t<\/div>\n\t\t\t\t\t<\/div>\n\t\t\t\t<div class=\"pp-post-wrap pp-grid-item-wrap elementor-grid-item post-1705 post type-post status-publish format-standard has-post-thumbnail hentry category-events\">\n\t\t\t\t\t\t<div class=\"pp-post pp-grid-item\">\n\t\t\t\t\t\t<div class=\"pp-post-thumbnail\">\n\t\t\t<a class=\"pp-post-thumbnail-wrap\" href=\"https:\/\/ed-x.pt\/en\/ed-x-is-one-of-the-national-test-beds-featured-on-june-27-at-tecnet-trends\/\" title=\"ED-X is one of the national Test Beds featured on June 27 at TECNET Trends.\">\n\t\t\t\t<img loading=\"lazy\" decoding=\"async\" width=\"800\" height=\"790\" src=\"https:\/\/ed-x.pt\/wp-content\/uploads\/2025\/07\/antes-stand.webp\" class=\"attachment-large size-large wp-image-1702\" alt=\"\" srcset=\"https:\/\/ed-x.pt\/wp-content\/uploads\/2025\/07\/antes-stand.webp 800w, https:\/\/ed-x.pt\/wp-content\/uploads\/2025\/07\/antes-stand-600x593.webp 600w, https:\/\/ed-x.pt\/wp-content\/uploads\/2025\/07\/antes-stand-768x758.webp 768w\" sizes=\"(max-width: 800px) 100vw, 800px\" \/>\t\t\t<\/a>\n\t\t<\/div>\n\t\t\n\t\t\t\t\n\t\t\t\t<div class=\"pp-post-content-wrap\">\n\t\t\t\t\t<div class=\"pp-post-content\">\n\t\t\t\t\t\t\t\t\t\t<div class=\"pp-post-terms-wrap\">\n\t\t\t<span class=\"pp-post-terms\">\n\t\t\t\t<span class=\"pp-post-term\">Events<\/span>\t\t\t<\/span>\n\t\t<\/div>\n\t\t\t\t\t\t\t\t\t\t<h2 class=\"pp-post-title\">\n\t\t\t\t<a href=\"https:\/\/ed-x.pt\/en\/ed-x-is-one-of-the-national-test-beds-featured-on-june-27-at-tecnet-trends\/\">ED-X is one of the national Test Beds featured on June 27 at TECNET Trends.<\/a>\t\t\t<\/h2>\n\t\t\t\t\t\t\t\t\t<div class=\"pp-post-meta\">\n\t\t\t\t\t\t\t\t<span class=\"pp-post-date\">\n\t\t\t\t\t\t<span class=\"pp-meta-text\">\n\t\t\t\t23\/06\/2025\t\t\t<\/span>\n\t\t<\/span>\n\t\t<span class=\"pp-meta-separator\"><\/span>\n\t\t\t\t\t\t\t<\/div>\n\t\t\t\t\t\t\t\t<\/div>\n\t\t\t\t\t\t\t\t\t<\/div>\n\n\t\t\t\t\t\t\t<\/div>\n\t\t\t\t\t<\/div>\n\t\t\t\t<div class=\"pp-post-wrap pp-grid-item-wrap elementor-grid-item post-1695 post type-post status-publish format-standard has-post-thumbnail hentry category-news\">\n\t\t\t\t\t\t<div class=\"pp-post pp-grid-item\">\n\t\t\t\t\t\t<div class=\"pp-post-thumbnail\">\n\t\t\t<a class=\"pp-post-thumbnail-wrap\" href=\"https:\/\/ed-x.pt\/en\/meeting-between-the-test-beds-ed-x-aveiro-smart-connected-space-and-flatlab-at-flatatlantic-2\/\" title=\"Meeting between the Test Beds ED-X, Aveiro Smart Connected Space, and FLATLAB at Flatatlantic\">\n\t\t\t\t<img loading=\"lazy\" decoding=\"async\" width=\"800\" height=\"603\" src=\"https:\/\/ed-x.pt\/wp-content\/uploads\/2025\/05\/20250402-Flatlantic-1200x904.webp\" class=\"attachment-large size-large wp-image-1693\" alt=\"\" srcset=\"https:\/\/ed-x.pt\/wp-content\/uploads\/2025\/05\/20250402-Flatlantic-1200x904.webp 1200w, https:\/\/ed-x.pt\/wp-content\/uploads\/2025\/05\/20250402-Flatlantic-800x603.webp 800w, https:\/\/ed-x.pt\/wp-content\/uploads\/2025\/05\/20250402-Flatlantic-600x452.webp 600w, https:\/\/ed-x.pt\/wp-content\/uploads\/2025\/05\/20250402-Flatlantic-768x578.webp 768w, https:\/\/ed-x.pt\/wp-content\/uploads\/2025\/05\/20250402-Flatlantic-1536x1157.webp 1536w, https:\/\/ed-x.pt\/wp-content\/uploads\/2025\/05\/20250402-Flatlantic.webp 1920w\" sizes=\"(max-width: 800px) 100vw, 800px\" \/>\t\t\t<\/a>\n\t\t<\/div>\n\t\t\n\t\t\t\t\n\t\t\t\t<div class=\"pp-post-content-wrap\">\n\t\t\t\t\t<div class=\"pp-post-content\">\n\t\t\t\t\t\t\t\t\t\t<div class=\"pp-post-terms-wrap\">\n\t\t\t<span class=\"pp-post-terms\">\n\t\t\t\t<span class=\"pp-post-term\">News<\/span>\t\t\t<\/span>\n\t\t<\/div>\n\t\t\t\t\t\t\t\t\t\t<h2 class=\"pp-post-title\">\n\t\t\t\t<a href=\"https:\/\/ed-x.pt\/en\/meeting-between-the-test-beds-ed-x-aveiro-smart-connected-space-and-flatlab-at-flatatlantic-2\/\">Meeting between the Test Beds ED-X, Aveiro Smart Connected Space, and FLATLAB at Flatatlantic<\/a>\t\t\t<\/h2>\n\t\t\t\t\t\t\t\t\t<div class=\"pp-post-meta\">\n\t\t\t\t\t\t\t\t<span class=\"pp-post-date\">\n\t\t\t\t\t\t<span class=\"pp-meta-text\">\n\t\t\t\t03\/04\/2025\t\t\t<\/span>\n\t\t<\/span>\n\t\t<span class=\"pp-meta-separator\"><\/span>\n\t\t\t\t\t\t\t<\/div>\n\t\t\t\t\t\t\t\t<\/div>\n\t\t\t\t\t\t\t\t\t<\/div>\n\n\t\t\t\t\t\t\t<\/div>\n\t\t\t\t\t<\/div>\n\t\t\t\t<div class=\"pp-post-wrap pp-grid-item-wrap elementor-grid-item post-1625 post type-post status-publish format-standard has-post-thumbnail hentry category-events\">\n\t\t\t\t\t\t<div class=\"pp-post pp-grid-item\">\n\t\t\t\t\t\t<div class=\"pp-post-thumbnail\">\n\t\t\t<a class=\"pp-post-thumbnail-wrap\" href=\"https:\/\/ed-x.pt\/en\/vii-meeting-of-the-national-network-of-test-beds\/\" title=\"VII meeting of the National Network of Test Beds\">\n\t\t\t\t<img loading=\"lazy\" decoding=\"async\" width=\"800\" height=\"531\" src=\"https:\/\/ed-x.pt\/wp-content\/uploads\/2025\/02\/corporate-business-towers-2023-11-27-05-03-34-utc-1200x797.webp\" class=\"attachment-large size-large wp-image-1563\" alt=\"\" srcset=\"https:\/\/ed-x.pt\/wp-content\/uploads\/2025\/02\/corporate-business-towers-2023-11-27-05-03-34-utc-1200x797.webp 1200w, https:\/\/ed-x.pt\/wp-content\/uploads\/2025\/02\/corporate-business-towers-2023-11-27-05-03-34-utc-800x531.webp 800w, https:\/\/ed-x.pt\/wp-content\/uploads\/2025\/02\/corporate-business-towers-2023-11-27-05-03-34-utc-600x398.webp 600w, https:\/\/ed-x.pt\/wp-content\/uploads\/2025\/02\/corporate-business-towers-2023-11-27-05-03-34-utc-768x510.webp 768w, https:\/\/ed-x.pt\/wp-content\/uploads\/2025\/02\/corporate-business-towers-2023-11-27-05-03-34-utc-1536x1020.webp 1536w, https:\/\/ed-x.pt\/wp-content\/uploads\/2025\/02\/corporate-business-towers-2023-11-27-05-03-34-utc.webp 1920w\" sizes=\"(max-width: 800px) 100vw, 800px\" \/>\t\t\t<\/a>\n\t\t<\/div>\n\t\t\n\t\t\t\t\n\t\t\t\t<div class=\"pp-post-content-wrap\">\n\t\t\t\t\t<div class=\"pp-post-content\">\n\t\t\t\t\t\t\t\t\t\t<div class=\"pp-post-terms-wrap\">\n\t\t\t<span class=\"pp-post-terms\">\n\t\t\t\t<span class=\"pp-post-term\">Events<\/span>\t\t\t<\/span>\n\t\t<\/div>\n\t\t\t\t\t\t\t\t\t\t<h2 class=\"pp-post-title\">\n\t\t\t\t<a href=\"https:\/\/ed-x.pt\/en\/vii-meeting-of-the-national-network-of-test-beds\/\">VII meeting of the National Network of Test Beds<\/a>\t\t\t<\/h2>\n\t\t\t\t\t\t\t\t\t<div class=\"pp-post-meta\">\n\t\t\t\t\t\t\t\t<span class=\"pp-post-date\">\n\t\t\t\t\t\t<span class=\"pp-meta-text\">\n\t\t\t\t19\/03\/2025\t\t\t<\/span>\n\t\t<\/span>\n\t\t<span class=\"pp-meta-separator\"><\/span>\n\t\t\t\t\t\t\t<\/div>\n\t\t\t\t\t\t\t\t<\/div>\n\t\t\t\t\t\t\t\t\t<\/div>\n\n\t\t\t\t\t\t\t<\/div>\n\t\t\t\t\t<\/div>\n\t\t\t\t\t\t\t\t\t<\/div>\n\t\t\t\n\t\t\t\n\t\t\t\n\t\t\t\n\t\t\t\t\t\t\t\t\t\t\t<div class=\"pp-posts-pagination-wrap pp-posts-pagination-bottom\">\n\t\t\t\t\t\t\t\t<nav class=\"pp-posts-pagination pp-posts-pagination-ajax elementor-pagination\" role=\"navigation\" aria-label=\"Pagination\" data-total=\"2\">\n\t\t\t\t<span aria-current=\"page\" class=\"page-numbers current\">1<\/span>\n<a class=\"page-numbers\" href=\"https:\/\/ed-x.pt\/en\/wp-json\/wp\/v2\/pages\/1611\/page\/2\/\">2<\/a>\t\t\t<\/nav>\n\t\t\t\t\t\t\t<\/div>\n\t\t\t\t\t\t\t\t\t<\/div>\n\n\t\t\n\t\t\t\t\t\t<\/div>\n\t\t\t\t<\/div>\n\t\t\t\t<\/div>\n\t\t\t\t<\/div>\n\t\t\t\t\t<\/div>\n\t\t\t\t<\/div>\n\t\t\t\t<\/div>\n\t\t","protected":false},"excerpt":{"rendered":"<p>All Eventos Noticias Eventos VII encontro da Rede Nacional de Test Beds 05\/02\/2025 Noticias A ED-X \u00e9 financiada pelo Plano de Recupera\u00e7\u00e3o e Resili\u00eancia (PRR) 05\/02\/2025<\/p>\n","protected":false},"author":4,"featured_media":0,"parent":0,"menu_order":9,"comment_status":"closed","ping_status":"closed","template":"","meta":{"_acf_changed":false,"_seopress_robots_primary_cat":"","_seopress_titles_title":"","_seopress_titles_desc":"","_seopress_robots_index":"","footnotes":""},"class_list":["post-1611","page","type-page","status-publish","hentry"],"acf":[],"_links":{"self":[{"href":"https:\/\/ed-x.pt\/en\/wp-json\/wp\/v2\/pages\/1611","targetHints":{"allow":["GET"]}}],"collection":[{"href":"https:\/\/ed-x.pt\/en\/wp-json\/wp\/v2\/pages"}],"about":[{"href":"https:\/\/ed-x.pt\/en\/wp-json\/wp\/v2\/types\/page"}],"author":[{"embeddable":true,"href":"https:\/\/ed-x.pt\/en\/wp-json\/wp\/v2\/users\/4"}],"replies":[{"embeddable":true,"href":"https:\/\/ed-x.pt\/en\/wp-json\/wp\/v2\/comments?post=1611"}],"version-history":[{"count":1,"href":"https:\/\/ed-x.pt\/en\/wp-json\/wp\/v2\/pages\/1611\/revisions"}],"predecessor-version":[{"id":1612,"href":"https:\/\/ed-x.pt\/en\/wp-json\/wp\/v2\/pages\/1611\/revisions\/1612"}],"wp:attachment":[{"href":"https:\/\/ed-x.pt\/en\/wp-json\/wp\/v2\/media?parent=1611"}],"curies":[{"name":"wp","href":"https:\/\/api.w.org\/{rel}","templated":true}]}}